{"id":98,"date":"2020-11-07T18:24:20","date_gmt":"2020-11-07T17:24:20","guid":{"rendered":"http:\/\/elviresoubiran.com\/?page_id=98"},"modified":"2020-11-16T17:22:21","modified_gmt":"2020-11-16T16:22:21","slug":"normandie","status":"publish","type":"page","link":"https:\/\/elviresoubiran.com\/index.php\/normandie\/","title":{"rendered":"Normandie"},"content":{"rendered":"\t\t<div data-elementor-type=\"wp-page\" data-elementor-id=\"98\" class=\"elementor elementor-98\">\n\t\t\t\t\t\t<div class=\"elementor-inner\">\n\t\t\t\t<div class=\"elementor-section-wrap\">\n\t\t\t\t\t\t\t\t\t<section class=\"elementor-section elementor-top-section elementor-element elementor-element-bcf7f76 elementor-section-stretched elementor-section-boxed elementor-section-height-default elementor-section-height-default\" data-id=\"bcf7f76\" data-element_type=\"section\" data-settings=\"{&quot;stretch_section&quot;:&quot;section-stretched&quot;}\">\n\t\t\t\t\t\t<div class=\"elementor-container elementor-column-gap-default\">\n\t\t\t\t\t\t\t<div class=\"elementor-row\">\n\t\t\t\t\t<div class=\"elementor-column elementor-col-50 elementor-top-column elementor-element elementor-element-c14f38e\" data-id=\"c14f38e\" data-element_type=\"column\">\n\t\t\t<div class=\"elementor-column-wrap elementor-element-populated\">\n\t\t\t\t\t\t\t<div class=\"elementor-widget-wrap\">\n\t\t\t\t\t\t<div class=\"elementor-element elementor-element-6b9bcbd elementor-position-top elementor-vertical-align-top elementor-widget elementor-widget-image-box\" data-id=\"6b9bcbd\" data-element_type=\"widget\" data-widget_type=\"image-box.default\">\n\t\t\t\t<div class=\"elementor-widget-container\">\n\t\t\t<div class=\"elementor-image-box-wrapper\"><figure class=\"elementor-image-box-img\"><a href=\"http:\/\/elviresoubiran.com\/index.php\/utah-beach\/\"><img loading=\"lazy\" decoding=\"async\" width=\"1851\" height=\"1364\" src=\"https:\/\/elviresoubiran.com\/wp-content\/uploads\/2020\/11\/1604840992943-1-e1605002393228.jpg\" class=\"elementor-animation-float attachment-full size-full wp-image-334\" alt=\"\" srcset=\"https:\/\/elviresoubiran.com\/wp-content\/uploads\/2020\/11\/1604840992943-1-e1605002393228.jpg 1851w, https:\/\/elviresoubiran.com\/wp-content\/uploads\/2020\/11\/1604840992943-1-e1605002393228-300x221.jpg 300w, https:\/\/elviresoubiran.com\/wp-content\/uploads\/2020\/11\/1604840992943-1-e1605002393228-1024x755.jpg 1024w, https:\/\/elviresoubiran.com\/wp-content\/uploads\/2020\/11\/1604840992943-1-e1605002393228-768x566.jpg 768w, https:\/\/elviresoubiran.com\/wp-content\/uploads\/2020\/11\/1604840992943-1-e1605002393228-1536x1132.jpg 1536w\" sizes=\"(max-width: 767px) 89vw, (max-width: 1000px) 54vw, (max-width: 1071px) 543px, 580px\" \/><\/a><\/figure><div class=\"elementor-image-box-content\"><h4 class=\"elementor-image-box-title\"><a href=\"http:\/\/elviresoubiran.com\/index.php\/utah-beach\/\">D\u00e9couvrir les plages du d\u00e9barquement<\/a><\/h4><p class=\"elementor-image-box-description\">Le D\u00e9barquement du 6 juin 1944 sur les plages Normandes est la plus grande op\u00e9ration amphibie et a\u00e9roport\u00e9e de tous les temps. <\/p><\/div><\/div>\t\t<\/div>\n\t\t\t\t<\/div>\n\t\t\t\t\t\t<\/div>\n\t\t\t\t\t<\/div>\n\t\t<\/div>\n\t\t\t\t<div class=\"elementor-column elementor-col-50 elementor-top-column elementor-element elementor-element-bc5b656\" data-id=\"bc5b656\" data-element_type=\"column\">\n\t\t\t<div class=\"elementor-column-wrap elementor-element-populated\">\n\t\t\t\t\t\t\t<div class=\"elementor-widget-wrap\">\n\t\t\t\t\t\t<div class=\"elementor-element elementor-element-3ad00e9 elementor-position-top elementor-vertical-align-top elementor-widget elementor-widget-image-box\" data-id=\"3ad00e9\" data-element_type=\"widget\" data-widget_type=\"image-box.default\">\n\t\t\t\t<div class=\"elementor-widget-container\">\n\t\t\t<div class=\"elementor-image-box-wrapper\"><figure class=\"elementor-image-box-img\"><a href=\"http:\/\/elviresoubiran.com\/index.php\/randonner-sur-les-falaises-detretat\/\"><img loading=\"lazy\" decoding=\"async\" width=\"2560\" height=\"1920\" src=\"https:\/\/elviresoubiran.com\/wp-content\/uploads\/2020\/11\/1605539647294-scaled.jpg\" class=\"elementor-animation-float attachment-full size-full wp-image-716\" alt=\"\" srcset=\"https:\/\/elviresoubiran.com\/wp-content\/uploads\/2020\/11\/1605539647294-scaled.jpg 2560w, https:\/\/elviresoubiran.com\/wp-content\/uploads\/2020\/11\/1605539647294-300x225.jpg 300w, https:\/\/elviresoubiran.com\/wp-content\/uploads\/2020\/11\/1605539647294-1024x768.jpg 1024w, https:\/\/elviresoubiran.com\/wp-content\/uploads\/2020\/11\/1605539647294-768x576.jpg 768w, https:\/\/elviresoubiran.com\/wp-content\/uploads\/2020\/11\/1605539647294-1536x1152.jpg 1536w, https:\/\/elviresoubiran.com\/wp-content\/uploads\/2020\/11\/1605539647294-2048x1536.jpg 2048w\" sizes=\"(max-width: 767px) 89vw, (max-width: 1000px) 54vw, (max-width: 1071px) 543px, 580px\" \/><\/a><\/figure><div class=\"elementor-image-box-content\"><h4 class=\"elementor-image-box-title\"><a href=\"http:\/\/elviresoubiran.com\/index.php\/randonner-sur-les-falaises-detretat\/\">Randonner sur les falaises d'Etretat<\/a><\/h4><p class=\"elementor-image-box-description\">Nous ne savez pas quoi faire en Normandie le temps d'un week-end ? Prenez de la hauteur et baladez-vous sur les falaises d'etretat.<\/p><\/div><\/div>\t\t<\/div>\n\t\t\t\t<\/div>\n\t\t\t\t\t\t<\/div>\n\t\t\t\t\t<\/div>\n\t\t<\/div>\n\t\t\t\t\t\t\t\t<\/div>\n\t\t\t\t\t<\/div>\n\t\t<\/section>\n\t\t\t\t<section class=\"elementor-section elementor-top-section elementor-element elementor-element-021cb84 elementor-section-stretched elementor-section-boxed elementor-section-height-default elementor-section-height-default\" data-id=\"021cb84\" data-element_type=\"section\" data-settings=\"{&quot;stretch_section&quot;:&quot;section-stretched&quot;}\">\n\t\t\t\t\t\t<div class=\"elementor-container elementor-column-gap-default\">\n\t\t\t\t\t\t\t<div class=\"elementor-row\">\n\t\t\t\t\t<div class=\"elementor-column elementor-col-50 elementor-top-column elementor-element elementor-element-14a1c20\" data-id=\"14a1c20\" data-element_type=\"column\">\n\t\t\t<div class=\"elementor-column-wrap elementor-element-populated\">\n\t\t\t\t\t\t\t<div class=\"elementor-widget-wrap\">\n\t\t\t\t\t\t<div class=\"elementor-element elementor-element-921ea10 elementor-position-top elementor-vertical-align-top elementor-widget elementor-widget-image-box\" data-id=\"921ea10\" data-element_type=\"widget\" data-widget_type=\"image-box.default\">\n\t\t\t\t<div class=\"elementor-widget-container\">\n\t\t\t<div class=\"elementor-image-box-wrapper\"><figure class=\"elementor-image-box-img\"><a href=\"http:\/\/elviresoubiran.com\/index.php\/balade-sur-le-mont-saint-michel\/\"><img loading=\"lazy\" decoding=\"async\" width=\"1871\" height=\"1365\" src=\"https:\/\/elviresoubiran.com\/wp-content\/uploads\/2020\/11\/1604682010933-1-e1605017349515.jpg\" class=\"elementor-animation-float attachment-2048x2048 size-2048x2048 wp-image-447\" alt=\"\" srcset=\"https:\/\/elviresoubiran.com\/wp-content\/uploads\/2020\/11\/1604682010933-1-e1605017349515.jpg 1871w, https:\/\/elviresoubiran.com\/wp-content\/uploads\/2020\/11\/1604682010933-1-e1605017349515-300x219.jpg 300w, https:\/\/elviresoubiran.com\/wp-content\/uploads\/2020\/11\/1604682010933-1-e1605017349515-1024x747.jpg 1024w, https:\/\/elviresoubiran.com\/wp-content\/uploads\/2020\/11\/1604682010933-1-e1605017349515-768x560.jpg 768w, https:\/\/elviresoubiran.com\/wp-content\/uploads\/2020\/11\/1604682010933-1-e1605017349515-1536x1121.jpg 1536w\" sizes=\"(max-width: 767px) 89vw, (max-width: 1000px) 54vw, (max-width: 1071px) 543px, 580px\" \/><\/a><\/figure><div class=\"elementor-image-box-content\"><h4 class=\"elementor-image-box-title\"><a href=\"http:\/\/elviresoubiran.com\/index.php\/balade-sur-le-mont-saint-michel\/\">Balade sur le Mont Saint Michel<\/a><\/h4><p class=\"elementor-image-box-description\">Entre Normandie et Bretagne, le Mont-Saint-Michel, class\u00e9 au patrimoine mondial de l'UNESCO, est l'un des lieux touristiques les plus visit\u00e9s de France. <\/p><\/div><\/div>\t\t<\/div>\n\t\t\t\t<\/div>\n\t\t\t\t\t\t<\/div>\n\t\t\t\t\t<\/div>\n\t\t<\/div>\n\t\t\t\t<div class=\"elementor-column elementor-col-50 elementor-top-column elementor-element elementor-element-1317952\" data-id=\"1317952\" data-element_type=\"column\">\n\t\t\t<div class=\"elementor-column-wrap\">\n\t\t\t\t\t\t\t<div class=\"elementor-widget-wrap\">\n\t\t\t\t\t\t\t\t<\/div>\n\t\t\t\t\t<\/div>\n\t\t<\/div>\n\t\t\t\t\t\t\t\t<\/div>\n\t\t\t\t\t<\/div>\n\t\t<\/section>\n\t\t\t\t\t\t\t\t\t<\/div>\n\t\t\t<\/div>\n\t\t\t\t\t<\/div>\n\t\t","protected":false},"excerpt":{"rendered":"<p>D\u00e9couvrir les plages du d\u00e9barquement Le D\u00e9barquement du 6 juin 1944 sur les plages Normandes est la plus grande op\u00e9ration amphibie et a\u00e9roport\u00e9e de tous les temps. Randonner sur les falaises d&#8217;Etretat Nous ne savez pas quoi faire en Normandie le temps d&#8217;un week-end ? Prenez de la hauteur et baladez-vous sur les falaises d&#8217;etretat. &hellip; <\/p>\n<p class=\"link-more\"><a href=\"https:\/\/elviresoubiran.com\/index.php\/normandie\/\" class=\"more-link\">Continue reading<span class=\"screen-reader-text\"> &#8220;Normandie&#8221;<\/span><\/a><\/p>\n","protected":false},"author":1,"featured_media":0,"parent":0,"menu_order":0,"comment_status":"closed","ping_status":"closed","template":"","meta":{"footnotes":""},"_links":{"self":[{"href":"https:\/\/elviresoubiran.com\/index.php\/wp-json\/wp\/v2\/pages\/98"}],"collection":[{"href":"https:\/\/elviresoubiran.com\/index.php\/wp-json\/wp\/v2\/pages"}],"about":[{"href":"https:\/\/elviresoubiran.com\/index.php\/wp-json\/wp\/v2\/types\/page"}],"author":[{"embeddable":true,"href":"https:\/\/elviresoubiran.com\/index.php\/wp-json\/wp\/v2\/users\/1"}],"replies":[{"embeddable":true,"href":"https:\/\/elviresoubiran.com\/index.php\/wp-json\/wp\/v2\/comments?post=98"}],"version-history":[{"count":31,"href":"https:\/\/elviresoubiran.com\/index.php\/wp-json\/wp\/v2\/pages\/98\/revisions"}],"predecessor-version":[{"id":742,"href":"https:\/\/elviresoubiran.com\/index.php\/wp-json\/wp\/v2\/pages\/98\/revisions\/742"}],"wp:attachment":[{"href":"https:\/\/elviresoubiran.com\/index.php\/wp-json\/wp\/v2\/media?parent=98"}],"curies":[{"name":"wp","href":"https:\/\/api.w.org\/{rel}","templated":true}]}}