{"id":157,"date":"2020-11-08T19:00:47","date_gmt":"2020-11-08T18:00:47","guid":{"rendered":"http:\/\/elviresoubiran.com\/?page_id=157"},"modified":"2020-12-13T15:40:21","modified_gmt":"2020-12-13T14:40:21","slug":"accueil","status":"publish","type":"page","link":"https:\/\/elviresoubiran.com\/","title":{"rendered":"Accueil"},"content":{"rendered":"\t\t<div data-elementor-type=\"wp-page\" data-elementor-id=\"157\" class=\"elementor elementor-157\">\n\t\t\t\t\t\t<div class=\"elementor-inner\">\n\t\t\t\t<div class=\"elementor-section-wrap\">\n\t\t\t\t\t\t\t\t\t<section class=\"elementor-section elementor-top-section elementor-element elementor-element-82c29af elementor-section-boxed elementor-section-height-default elementor-section-height-default\" data-id=\"82c29af\" data-element_type=\"section\">\n\t\t\t\t\t\t<div class=\"elementor-container elementor-column-gap-default\">\n\t\t\t\t\t\t\t<div class=\"elementor-row\">\n\t\t\t\t\t<div class=\"elementor-column elementor-col-100 elementor-top-column elementor-element elementor-element-0702c3f\" data-id=\"0702c3f\" data-element_type=\"column\">\n\t\t\t<div class=\"elementor-column-wrap elementor-element-populated\">\n\t\t\t\t\t\t\t<div class=\"elementor-widget-wrap\">\n\t\t\t\t\t\t<div class=\"elementor-element elementor-element-380ec77 elementor-widget elementor-widget-text-editor\" data-id=\"380ec77\" data-element_type=\"widget\" data-widget_type=\"text-editor.default\">\n\t\t\t\t<div class=\"elementor-widget-container\">\n\t\t\t\t\t\t\t\t<div class=\"elementor-text-editor elementor-clearfix\">\n\t\t\t\t<p style=\"text-align: center;\"><span style=\"font-size: 18pt; font-family: impact, chicago;\">D\u00e9couvrez les derniers articles.<\/span><\/p>\t\t\t\t\t<\/div>\n\t\t\t\t\t\t<\/div>\n\t\t\t\t<\/div>\n\t\t\t\t\t\t<\/div>\n\t\t\t\t\t<\/div>\n\t\t<\/div>\n\t\t\t\t\t\t\t\t<\/div>\n\t\t\t\t\t<\/div>\n\t\t<\/section>\n\t\t\t\t<section class=\"elementor-section elementor-top-section elementor-element elementor-element-fb98096 elementor-section-stretched elementor-section-boxed elementor-section-height-default elementor-section-height-default\" data-id=\"fb98096\" data-element_type=\"section\" data-settings=\"{&quot;stretch_section&quot;:&quot;section-stretched&quot;}\">\n\t\t\t\t\t\t<div class=\"elementor-container elementor-column-gap-default\">\n\t\t\t\t\t\t\t<div class=\"elementor-row\">\n\t\t\t\t\t<div class=\"elementor-column elementor-col-50 elementor-top-column elementor-element elementor-element-f76ecae\" data-id=\"f76ecae\" data-element_type=\"column\">\n\t\t\t<div class=\"elementor-column-wrap elementor-element-populated\">\n\t\t\t\t\t\t\t<div class=\"elementor-widget-wrap\">\n\t\t\t\t\t\t<div class=\"elementor-element elementor-element-33d14e7 elementor-position-top elementor-vertical-align-top elementor-widget elementor-widget-image-box\" data-id=\"33d14e7\" data-element_type=\"widget\" data-widget_type=\"image-box.default\">\n\t\t\t\t<div class=\"elementor-widget-container\">\n\t\t\t<div class=\"elementor-image-box-wrapper\"><figure class=\"elementor-image-box-img\"><a href=\"http:\/\/elviresoubiran.com\/index.php\/au-coeur-du-colorado-provencal\/\"><img loading=\"lazy\" decoding=\"async\" width=\"2560\" height=\"1920\" src=\"https:\/\/elviresoubiran.com\/wp-content\/uploads\/2020\/11\/1605042093694-scaled.jpg\" class=\"elementor-animation-float attachment-full size-full wp-image-528\" alt=\"\" srcset=\"https:\/\/elviresoubiran.com\/wp-content\/uploads\/2020\/11\/1605042093694-scaled.jpg 2560w, https:\/\/elviresoubiran.com\/wp-content\/uploads\/2020\/11\/1605042093694-300x225.jpg 300w, https:\/\/elviresoubiran.com\/wp-content\/uploads\/2020\/11\/1605042093694-1024x768.jpg 1024w, https:\/\/elviresoubiran.com\/wp-content\/uploads\/2020\/11\/1605042093694-768x576.jpg 768w, https:\/\/elviresoubiran.com\/wp-content\/uploads\/2020\/11\/1605042093694-1536x1152.jpg 1536w, https:\/\/elviresoubiran.com\/wp-content\/uploads\/2020\/11\/1605042093694-2048x1536.jpg 2048w\" sizes=\"(max-width: 767px) 89vw, (max-width: 1000px) 54vw, (max-width: 1071px) 543px, 580px\" \/><\/a><\/figure><div class=\"elementor-image-box-content\"><h4 class=\"elementor-image-box-title\"><a href=\"http:\/\/elviresoubiran.com\/index.php\/au-coeur-du-colorado-provencal\/\">Au coeur du Colorado Proven\u00e7al<\/a><\/h4><p class=\"elementor-image-box-description\">Souvent compar\u00e9es aux rocheuses spectaculaires des grands parcs des Etats Unis, les Ocres de Roussillon offrent des paysages aux teintes flamboyantes.<\/p><\/div><\/div>\t\t<\/div>\n\t\t\t\t<\/div>\n\t\t\t\t\t\t<\/div>\n\t\t\t\t\t<\/div>\n\t\t<\/div>\n\t\t\t\t<div class=\"elementor-column elementor-col-50 elementor-top-column elementor-element elementor-element-0528638\" data-id=\"0528638\" data-element_type=\"column\">\n\t\t\t<div class=\"elementor-column-wrap elementor-element-populated\">\n\t\t\t\t\t\t\t<div class=\"elementor-widget-wrap\">\n\t\t\t\t\t\t<div class=\"elementor-element elementor-element-f1c89ef elementor-position-top elementor-vertical-align-top elementor-widget elementor-widget-image-box\" data-id=\"f1c89ef\" data-element_type=\"widget\" data-widget_type=\"image-box.default\">\n\t\t\t\t<div class=\"elementor-widget-container\">\n\t\t\t<div class=\"elementor-image-box-wrapper\"><figure class=\"elementor-image-box-img\"><a href=\"http:\/\/elviresoubiran.com\/index.php\/randonner-sur-les-falaises-detretat\/\"><img loading=\"lazy\" decoding=\"async\" width=\"2560\" height=\"1920\" src=\"https:\/\/elviresoubiran.com\/wp-content\/uploads\/2020\/11\/1605539647294-scaled.jpg\" class=\"elementor-animation-float attachment-full size-full wp-image-716\" alt=\"\" srcset=\"https:\/\/elviresoubiran.com\/wp-content\/uploads\/2020\/11\/1605539647294-scaled.jpg 2560w, https:\/\/elviresoubiran.com\/wp-content\/uploads\/2020\/11\/1605539647294-300x225.jpg 300w, https:\/\/elviresoubiran.com\/wp-content\/uploads\/2020\/11\/1605539647294-1024x768.jpg 1024w, https:\/\/elviresoubiran.com\/wp-content\/uploads\/2020\/11\/1605539647294-768x576.jpg 768w, https:\/\/elviresoubiran.com\/wp-content\/uploads\/2020\/11\/1605539647294-1536x1152.jpg 1536w, https:\/\/elviresoubiran.com\/wp-content\/uploads\/2020\/11\/1605539647294-2048x1536.jpg 2048w\" sizes=\"(max-width: 767px) 89vw, (max-width: 1000px) 54vw, (max-width: 1071px) 543px, 580px\" \/><\/a><\/figure><div class=\"elementor-image-box-content\"><h4 class=\"elementor-image-box-title\"><a href=\"http:\/\/elviresoubiran.com\/index.php\/randonner-sur-les-falaises-detretat\/\">Randonner sur les falaises d'Etretat<\/a><\/h4><p class=\"elementor-image-box-description\">Nous ne savez pas quoi faire en Normandie le temps d'un week-end ? Prenez de la hauteur et baladez-vous sur les falaises d'etretat.<\/p><\/div><\/div>\t\t<\/div>\n\t\t\t\t<\/div>\n\t\t\t\t\t\t<\/div>\n\t\t\t\t\t<\/div>\n\t\t<\/div>\n\t\t\t\t\t\t\t\t<\/div>\n\t\t\t\t\t<\/div>\n\t\t<\/section>\n\t\t\t\t<section class=\"elementor-section elementor-top-section elementor-element elementor-element-f5a9e7f elementor-section-stretched elementor-section-boxed elementor-section-height-default elementor-section-height-default\" data-id=\"f5a9e7f\" data-element_type=\"section\" data-settings=\"{&quot;stretch_section&quot;:&quot;section-stretched&quot;}\">\n\t\t\t\t\t\t<div class=\"elementor-container elementor-column-gap-default\">\n\t\t\t\t\t\t\t<div class=\"elementor-row\">\n\t\t\t\t\t<div class=\"elementor-column elementor-col-50 elementor-top-column elementor-element elementor-element-4f27aae\" data-id=\"4f27aae\" data-element_type=\"column\">\n\t\t\t<div class=\"elementor-column-wrap elementor-element-populated\">\n\t\t\t\t\t\t\t<div class=\"elementor-widget-wrap\">\n\t\t\t\t\t\t<div class=\"elementor-element elementor-element-00bf1ba elementor-position-top elementor-vertical-align-top elementor-widget elementor-widget-image-box\" data-id=\"00bf1ba\" data-element_type=\"widget\" data-widget_type=\"image-box.default\">\n\t\t\t\t<div class=\"elementor-widget-container\">\n\t\t\t<div class=\"elementor-image-box-wrapper\"><figure class=\"elementor-image-box-img\"><a href=\"http:\/\/elviresoubiran.com\/index.php\/top-5-des-choses-a-faire-a-tromso\/\"><img loading=\"lazy\" decoding=\"async\" width=\"2560\" height=\"1920\" src=\"https:\/\/elviresoubiran.com\/wp-content\/uploads\/2020\/11\/1604998722658-scaled.jpg\" class=\"elementor-animation-float attachment-full size-full wp-image-381\" alt=\"\" srcset=\"https:\/\/elviresoubiran.com\/wp-content\/uploads\/2020\/11\/1604998722658-scaled.jpg 2560w, https:\/\/elviresoubiran.com\/wp-content\/uploads\/2020\/11\/1604998722658-300x225.jpg 300w, https:\/\/elviresoubiran.com\/wp-content\/uploads\/2020\/11\/1604998722658-1024x768.jpg 1024w, https:\/\/elviresoubiran.com\/wp-content\/uploads\/2020\/11\/1604998722658-768x576.jpg 768w, https:\/\/elviresoubiran.com\/wp-content\/uploads\/2020\/11\/1604998722658-1536x1152.jpg 1536w, https:\/\/elviresoubiran.com\/wp-content\/uploads\/2020\/11\/1604998722658-2048x1536.jpg 2048w\" sizes=\"(max-width: 767px) 89vw, (max-width: 1000px) 54vw, (max-width: 1071px) 543px, 580px\" \/><\/a><\/figure><div class=\"elementor-image-box-content\"><h4 class=\"elementor-image-box-title\"><a href=\"http:\/\/elviresoubiran.com\/index.php\/top-5-des-choses-a-faire-a-tromso\/\">Top 6 des choses \u00e0 faire \u00e0 Troms\u00f8<\/a><\/h4><p class=\"elementor-image-box-description\">Troms\u00f8 est une petit ville au nord de la Norv\u00e8ge, au-dessus du cercle Arctique. C'est notamment un point d'observation c\u00e9l\u00e8bre pour les aurores bor\u00e9ales.<\/p><\/div><\/div>\t\t<\/div>\n\t\t\t\t<\/div>\n\t\t\t\t\t\t<\/div>\n\t\t\t\t\t<\/div>\n\t\t<\/div>\n\t\t\t\t<div class=\"elementor-column elementor-col-50 elementor-top-column elementor-element elementor-element-13f22f3\" data-id=\"13f22f3\" data-element_type=\"column\">\n\t\t\t<div class=\"elementor-column-wrap elementor-element-populated\">\n\t\t\t\t\t\t\t<div class=\"elementor-widget-wrap\">\n\t\t\t\t\t\t<div class=\"elementor-element elementor-element-344f480 elementor-position-top elementor-vertical-align-top elementor-widget elementor-widget-image-box\" data-id=\"344f480\" data-element_type=\"widget\" data-widget_type=\"image-box.default\">\n\t\t\t\t<div class=\"elementor-widget-container\">\n\t\t\t<div class=\"elementor-image-box-wrapper\"><figure class=\"elementor-image-box-img\"><a href=\"http:\/\/elviresoubiran.com\/index.php\/utah-beach\/\"><img loading=\"lazy\" decoding=\"async\" width=\"1851\" height=\"1364\" src=\"https:\/\/elviresoubiran.com\/wp-content\/uploads\/2020\/11\/1604840992943-1-e1605002393228.jpg\" class=\"elementor-animation-float attachment-full size-full wp-image-334\" alt=\"\" srcset=\"https:\/\/elviresoubiran.com\/wp-content\/uploads\/2020\/11\/1604840992943-1-e1605002393228.jpg 1851w, https:\/\/elviresoubiran.com\/wp-content\/uploads\/2020\/11\/1604840992943-1-e1605002393228-300x221.jpg 300w, https:\/\/elviresoubiran.com\/wp-content\/uploads\/2020\/11\/1604840992943-1-e1605002393228-1024x755.jpg 1024w, https:\/\/elviresoubiran.com\/wp-content\/uploads\/2020\/11\/1604840992943-1-e1605002393228-768x566.jpg 768w, https:\/\/elviresoubiran.com\/wp-content\/uploads\/2020\/11\/1604840992943-1-e1605002393228-1536x1132.jpg 1536w\" sizes=\"(max-width: 767px) 89vw, (max-width: 1000px) 54vw, (max-width: 1071px) 543px, 580px\" \/><\/a><\/figure><div class=\"elementor-image-box-content\"><h4 class=\"elementor-image-box-title\"><a href=\"http:\/\/elviresoubiran.com\/index.php\/utah-beach\/\">D\u00e9couvrir les plages du d\u00e9barquement<\/a><\/h4><p class=\"elementor-image-box-description\">Le D\u00e9barquement du 6 juin 1944 sur les plages Normandes est la plus grande op\u00e9ration amphibie et a\u00e9roport\u00e9e de tous les temps.<\/p><\/div><\/div>\t\t<\/div>\n\t\t\t\t<\/div>\n\t\t\t\t\t\t<\/div>\n\t\t\t\t\t<\/div>\n\t\t<\/div>\n\t\t\t\t\t\t\t\t<\/div>\n\t\t\t\t\t<\/div>\n\t\t<\/section>\n\t\t\t\t<section class=\"elementor-section elementor-top-section elementor-element elementor-element-7f1cb83 elementor-section-stretched elementor-section-boxed elementor-section-height-default elementor-section-height-default\" data-id=\"7f1cb83\" data-element_type=\"section\" data-settings=\"{&quot;stretch_section&quot;:&quot;section-stretched&quot;}\">\n\t\t\t\t\t\t<div class=\"elementor-container elementor-column-gap-default\">\n\t\t\t\t\t\t\t<div class=\"elementor-row\">\n\t\t\t\t\t<div class=\"elementor-column elementor-col-50 elementor-top-column elementor-element elementor-element-8df54f1\" data-id=\"8df54f1\" data-element_type=\"column\">\n\t\t\t<div class=\"elementor-column-wrap elementor-element-populated\">\n\t\t\t\t\t\t\t<div class=\"elementor-widget-wrap\">\n\t\t\t\t\t\t<div class=\"elementor-element elementor-element-ad463cb elementor-position-top elementor-vertical-align-top elementor-widget elementor-widget-image-box\" data-id=\"ad463cb\" data-element_type=\"widget\" data-widget_type=\"image-box.default\">\n\t\t\t\t<div class=\"elementor-widget-container\">\n\t\t\t<div class=\"elementor-image-box-wrapper\"><figure class=\"elementor-image-box-img\"><a href=\"http:\/\/elviresoubiran.com\/index.php\/balade-sur-le-mont-saint-michel\/\"><img loading=\"lazy\" decoding=\"async\" width=\"1871\" height=\"1365\" src=\"https:\/\/elviresoubiran.com\/wp-content\/uploads\/2020\/11\/1604682010933-1-e1605017349515.jpg\" class=\"elementor-animation-float attachment-2048x2048 size-2048x2048 wp-image-447\" alt=\"\" srcset=\"https:\/\/elviresoubiran.com\/wp-content\/uploads\/2020\/11\/1604682010933-1-e1605017349515.jpg 1871w, https:\/\/elviresoubiran.com\/wp-content\/uploads\/2020\/11\/1604682010933-1-e1605017349515-300x219.jpg 300w, https:\/\/elviresoubiran.com\/wp-content\/uploads\/2020\/11\/1604682010933-1-e1605017349515-1024x747.jpg 1024w, https:\/\/elviresoubiran.com\/wp-content\/uploads\/2020\/11\/1604682010933-1-e1605017349515-768x560.jpg 768w, https:\/\/elviresoubiran.com\/wp-content\/uploads\/2020\/11\/1604682010933-1-e1605017349515-1536x1121.jpg 1536w\" sizes=\"(max-width: 767px) 89vw, (max-width: 1000px) 54vw, (max-width: 1071px) 543px, 580px\" \/><\/a><\/figure><div class=\"elementor-image-box-content\"><h4 class=\"elementor-image-box-title\"><a href=\"http:\/\/elviresoubiran.com\/index.php\/balade-sur-le-mont-saint-michel\/\">Balade sur le Mont Saint Michel<\/a><\/h4><p class=\"elementor-image-box-description\">Entre Normandie et Bretagne, le Mont-Saint-Michel, class\u00e9 au patrimoine mondial de l'UNESCO, est l'un des lieux touristiques les plus visit\u00e9s de France. <\/p><\/div><\/div>\t\t<\/div>\n\t\t\t\t<\/div>\n\t\t\t\t\t\t<\/div>\n\t\t\t\t\t<\/div>\n\t\t<\/div>\n\t\t\t\t<div class=\"elementor-column elementor-col-50 elementor-top-column elementor-element elementor-element-5ddf835\" data-id=\"5ddf835\" data-element_type=\"column\">\n\t\t\t<div class=\"elementor-column-wrap elementor-element-populated\">\n\t\t\t\t\t\t\t<div class=\"elementor-widget-wrap\">\n\t\t\t\t\t\t<div class=\"elementor-element elementor-element-abdc28f elementor-position-top elementor-vertical-align-top elementor-widget elementor-widget-image-box\" data-id=\"abdc28f\" data-element_type=\"widget\" data-widget_type=\"image-box.default\">\n\t\t\t\t<div class=\"elementor-widget-container\">\n\t\t\t<div class=\"elementor-image-box-wrapper\"><figure class=\"elementor-image-box-img\"><a href=\"http:\/\/elviresoubiran.com\/index.php\/road-trip-au-nord-du-cercle-polaire-arctique\/\"><img loading=\"lazy\" decoding=\"async\" width=\"2560\" height=\"1920\" src=\"https:\/\/elviresoubiran.com\/wp-content\/uploads\/2020\/11\/1604954850331-scaled.jpg\" class=\"elementor-animation-float attachment-full size-full wp-image-313\" alt=\"\" srcset=\"https:\/\/elviresoubiran.com\/wp-content\/uploads\/2020\/11\/1604954850331-scaled.jpg 2560w, https:\/\/elviresoubiran.com\/wp-content\/uploads\/2020\/11\/1604954850331-300x225.jpg 300w, https:\/\/elviresoubiran.com\/wp-content\/uploads\/2020\/11\/1604954850331-1024x768.jpg 1024w, https:\/\/elviresoubiran.com\/wp-content\/uploads\/2020\/11\/1604954850331-768x576.jpg 768w, https:\/\/elviresoubiran.com\/wp-content\/uploads\/2020\/11\/1604954850331-1536x1152.jpg 1536w, https:\/\/elviresoubiran.com\/wp-content\/uploads\/2020\/11\/1604954850331-2048x1536.jpg 2048w\" sizes=\"(max-width: 767px) 89vw, (max-width: 1000px) 54vw, (max-width: 1071px) 543px, 580px\" \/><\/a><\/figure><div class=\"elementor-image-box-content\"><h4 class=\"elementor-image-box-title\"><a href=\"http:\/\/elviresoubiran.com\/index.php\/road-trip-au-nord-du-cercle-polaire-arctique\/\">Road trip au nord du cercle polaire arctique<\/a><\/h4><p class=\"elementor-image-box-description\">Traverser les fjords norv\u00e9giens, s'\u00e9merveiller devant une nature incroyable, admirer des couchers de soleil \u00e0 couper le souffle et partir \u00e0 la chasse aux aurores bor\u00e9ales.<\/p><\/div><\/div>\t\t<\/div>\n\t\t\t\t<\/div>\n\t\t\t\t\t\t<\/div>\n\t\t\t\t\t<\/div>\n\t\t<\/div>\n\t\t\t\t\t\t\t\t<\/div>\n\t\t\t\t\t<\/div>\n\t\t<\/section>\n\t\t\t\t<section class=\"elementor-section elementor-top-section elementor-element elementor-element-0aad3a7 elementor-section-stretched elementor-section-boxed elementor-section-height-default elementor-section-height-default\" data-id=\"0aad3a7\" data-element_type=\"section\" data-settings=\"{&quot;stretch_section&quot;:&quot;section-stretched&quot;}\">\n\t\t\t\t\t\t<div class=\"elementor-container elementor-column-gap-default\">\n\t\t\t\t\t\t\t<div class=\"elementor-row\">\n\t\t\t\t\t<div class=\"elementor-column elementor-col-50 elementor-top-column elementor-element elementor-element-43f55ac\" data-id=\"43f55ac\" data-element_type=\"column\">\n\t\t\t<div class=\"elementor-column-wrap elementor-element-populated\">\n\t\t\t\t\t\t\t<div class=\"elementor-widget-wrap\">\n\t\t\t\t\t\t<div class=\"elementor-element elementor-element-6aeeb47 elementor-position-top elementor-vertical-align-top elementor-widget elementor-widget-image-box\" data-id=\"6aeeb47\" data-element_type=\"widget\" data-widget_type=\"image-box.default\">\n\t\t\t\t<div class=\"elementor-widget-container\">\n\t\t\t<div class=\"elementor-image-box-wrapper\"><figure class=\"elementor-image-box-img\"><a href=\"http:\/\/elviresoubiran.com\/index.php\/explorer-oslo-le-temps-dune-journee\/\"><img loading=\"lazy\" decoding=\"async\" width=\"2560\" height=\"1920\" src=\"https:\/\/elviresoubiran.com\/wp-content\/uploads\/2020\/11\/1604937112984-scaled.jpg\" class=\"elementor-animation-float attachment-full size-full wp-image-241\" alt=\"\" srcset=\"https:\/\/elviresoubiran.com\/wp-content\/uploads\/2020\/11\/1604937112984-scaled.jpg 2560w, https:\/\/elviresoubiran.com\/wp-content\/uploads\/2020\/11\/1604937112984-300x225.jpg 300w, https:\/\/elviresoubiran.com\/wp-content\/uploads\/2020\/11\/1604937112984-1024x768.jpg 1024w, https:\/\/elviresoubiran.com\/wp-content\/uploads\/2020\/11\/1604937112984-768x576.jpg 768w, https:\/\/elviresoubiran.com\/wp-content\/uploads\/2020\/11\/1604937112984-1536x1152.jpg 1536w, https:\/\/elviresoubiran.com\/wp-content\/uploads\/2020\/11\/1604937112984-2048x1536.jpg 2048w\" sizes=\"(max-width: 767px) 89vw, (max-width: 1000px) 54vw, (max-width: 1071px) 543px, 580px\" \/><\/a><\/figure><div class=\"elementor-image-box-content\"><h4 class=\"elementor-image-box-title\"><a href=\"http:\/\/elviresoubiran.com\/index.php\/explorer-oslo-le-temps-dune-journee\/\">Explorer Oslo le temps d'une journ\u00e9e<\/a><\/h4><p class=\"elementor-image-box-description\">Impossible de venir visiter la Norv\u00e8ge sans passer par sa capitale, Oslo ! Voici les lieux \u00e0 visiter si vous n'y \u00eates que le temps d'une journ\u00e9e.<\/p><\/div><\/div>\t\t<\/div>\n\t\t\t\t<\/div>\n\t\t\t\t\t\t<\/div>\n\t\t\t\t\t<\/div>\n\t\t<\/div>\n\t\t\t\t<div class=\"elementor-column elementor-col-50 elementor-top-column elementor-element elementor-element-ebc77e2\" data-id=\"ebc77e2\" data-element_type=\"column\">\n\t\t\t<div class=\"elementor-column-wrap elementor-element-populated\">\n\t\t\t\t\t\t\t<div class=\"elementor-widget-wrap\">\n\t\t\t\t\t\t<div class=\"elementor-element elementor-element-f7be48b elementor-position-top elementor-vertical-align-top elementor-widget elementor-widget-image-box\" data-id=\"f7be48b\" data-element_type=\"widget\" data-widget_type=\"image-box.default\">\n\t\t\t\t<div class=\"elementor-widget-container\">\n\t\t\t<div class=\"elementor-image-box-wrapper\"><figure class=\"elementor-image-box-img\"><a href=\"http:\/\/elviresoubiran.com\/index.php\/top-5-de-mes-coups-de-coeur-sicilien\/\"><img loading=\"lazy\" decoding=\"async\" width=\"2272\" height=\"1707\" src=\"https:\/\/elviresoubiran.com\/wp-content\/uploads\/2020\/11\/1605719579222-1-scaled-e1606069120329.jpg\" class=\"elementor-animation-float attachment-full size-full wp-image-881\" alt=\"\" srcset=\"https:\/\/elviresoubiran.com\/wp-content\/uploads\/2020\/11\/1605719579222-1-scaled-e1606069120329.jpg 2272w, https:\/\/elviresoubiran.com\/wp-content\/uploads\/2020\/11\/1605719579222-1-scaled-e1606069120329-300x225.jpg 300w, https:\/\/elviresoubiran.com\/wp-content\/uploads\/2020\/11\/1605719579222-1-scaled-e1606069120329-1024x769.jpg 1024w, https:\/\/elviresoubiran.com\/wp-content\/uploads\/2020\/11\/1605719579222-1-scaled-e1606069120329-768x577.jpg 768w, https:\/\/elviresoubiran.com\/wp-content\/uploads\/2020\/11\/1605719579222-1-scaled-e1606069120329-1536x1154.jpg 1536w, https:\/\/elviresoubiran.com\/wp-content\/uploads\/2020\/11\/1605719579222-1-scaled-e1606069120329-2048x1539.jpg 2048w\" sizes=\"(max-width: 767px) 89vw, (max-width: 1000px) 54vw, (max-width: 1071px) 543px, 580px\" \/><\/a><\/figure><div class=\"elementor-image-box-content\"><h4 class=\"elementor-image-box-title\"><a href=\"http:\/\/elviresoubiran.com\/index.php\/top-5-de-mes-coups-de-coeur-sicilien\/\">Top 5 de mes coups de coeur sicilien<\/a><\/h4><p class=\"elementor-image-box-description\">Un m\u00e9lange de monuments, de temples antiques, de lieux naturels incroyables, je vous emm\u00e8nes avec moi pour vous pr\u00e9senter mes coups de coeur sicilien !<\/p><\/div><\/div>\t\t<\/div>\n\t\t\t\t<\/div>\n\t\t\t\t\t\t<\/div>\n\t\t\t\t\t<\/div>\n\t\t<\/div>\n\t\t\t\t\t\t\t\t<\/div>\n\t\t\t\t\t<\/div>\n\t\t<\/section>\n\t\t\t\t<section class=\"elementor-section elementor-top-section elementor-element elementor-element-8bbe88c elementor-section-stretched elementor-section-boxed elementor-section-height-default elementor-section-height-default\" data-id=\"8bbe88c\" data-element_type=\"section\" data-settings=\"{&quot;stretch_section&quot;:&quot;section-stretched&quot;}\">\n\t\t\t\t\t\t<div class=\"elementor-container elementor-column-gap-default\">\n\t\t\t\t\t\t\t<div class=\"elementor-row\">\n\t\t\t\t\t<div class=\"elementor-column elementor-col-100 elementor-top-column elementor-element elementor-element-1f4ff98\" data-id=\"1f4ff98\" data-element_type=\"column\">\n\t\t\t<div class=\"elementor-column-wrap elementor-element-populated\">\n\t\t\t\t\t\t\t<div class=\"elementor-widget-wrap\">\n\t\t\t\t\t\t<div class=\"elementor-element elementor-element-cb8d86b elementor-widget elementor-widget-text-editor\" data-id=\"cb8d86b\" data-element_type=\"widget\" data-widget_type=\"text-editor.default\">\n\t\t\t\t<div class=\"elementor-widget-container\">\n\t\t\t\t\t\t\t\t<div class=\"elementor-text-editor elementor-clearfix\">\n\t\t\t\t<p><div class=\"map_wrapper\" id=\"map_wrapper_869\">\n<div class=\"map_box\" style=\"max-width:2200px\">\n<div class=\"map_aspect_ratio\" style=\"padding-top:58%\" data-padding-top=\"58%\" data-padding-top-mobile=\"\">\n<div class=\"map_container\">\n<div class=\"map_render map_loading\" id=\"map_869\"><\/div>\n<\/div>\n<\/div>\n<\/div>\n<\/div><\/p>\t\t\t\t\t<\/div>\n\t\t\t\t\t\t<\/div>\n\t\t\t\t<\/div>\n\t\t\t\t\t\t<\/div>\n\t\t\t\t\t<\/div>\n\t\t<\/div>\n\t\t\t\t\t\t\t\t<\/div>\n\t\t\t\t\t<\/div>\n\t\t<\/section>\n\t\t\t\t\t\t\t\t\t<\/div>\n\t\t\t<\/div>\n\t\t\t\t\t<\/div>\n\t\t","protected":false},"excerpt":{"rendered":"<p>D\u00e9couvrez les derniers articles. Au coeur du Colorado Proven\u00e7al Souvent compar\u00e9es aux rocheuses spectaculaires des grands parcs des Etats Unis, les Ocres de Roussillon offrent des paysages aux teintes flamboyantes. Randonner sur les falaises d&#8217;Etretat Nous ne savez pas quoi faire en Normandie le temps d&#8217;un week-end ? Prenez de la hauteur et baladez-vous sur &hellip; <\/p>\n<p class=\"link-more\"><a href=\"https:\/\/elviresoubiran.com\/\" class=\"more-link\">Continue reading<span class=\"screen-reader-text\"> &#8220;Accueil&#8221;<\/span><\/a><\/p>\n","protected":false},"author":1,"featured_media":0,"parent":0,"menu_order":0,"comment_status":"closed","ping_status":"closed","template":"","meta":{"footnotes":""},"_links":{"self":[{"href":"https:\/\/elviresoubiran.com\/index.php\/wp-json\/wp\/v2\/pages\/157"}],"collection":[{"href":"https:\/\/elviresoubiran.com\/index.php\/wp-json\/wp\/v2\/pages"}],"about":[{"href":"https:\/\/elviresoubiran.com\/index.php\/wp-json\/wp\/v2\/types\/page"}],"author":[{"embeddable":true,"href":"https:\/\/elviresoubiran.com\/index.php\/wp-json\/wp\/v2\/users\/1"}],"replies":[{"embeddable":true,"href":"https:\/\/elviresoubiran.com\/index.php\/wp-json\/wp\/v2\/comments?post=157"}],"version-history":[{"count":79,"href":"https:\/\/elviresoubiran.com\/index.php\/wp-json\/wp\/v2\/pages\/157\/revisions"}],"predecessor-version":[{"id":1045,"href":"https:\/\/elviresoubiran.com\/index.php\/wp-json\/wp\/v2\/pages\/157\/revisions\/1045"}],"wp:attachment":[{"href":"https:\/\/elviresoubiran.com\/index.php\/wp-json\/wp\/v2\/media?parent=157"}],"curies":[{"name":"wp","href":"https:\/\/api.w.org\/{rel}","templated":true}]}}