{"id":1113,"date":"2021-11-07T09:27:28","date_gmt":"2021-11-07T08:27:28","guid":{"rendered":"http:\/\/elviresoubiran.com\/?page_id=1113"},"modified":"2021-11-07T17:28:53","modified_gmt":"2021-11-07T16:28:53","slug":"portugal","status":"publish","type":"page","link":"https:\/\/elviresoubiran.com\/index.php\/portugal\/","title":{"rendered":"Portugal"},"content":{"rendered":"\t\t<div data-elementor-type=\"wp-page\" data-elementor-id=\"1113\" class=\"elementor elementor-1113\">\n\t\t\t\t\t\t<div class=\"elementor-inner\">\n\t\t\t\t<div class=\"elementor-section-wrap\">\n\t\t\t\t\t\t\t\t\t<section class=\"elementor-section elementor-top-section elementor-element elementor-element-123b075 elementor-section-stretched elementor-section-boxed elementor-section-height-default elementor-section-height-default\" data-id=\"123b075\" data-element_type=\"section\" data-settings=\"{&quot;stretch_section&quot;:&quot;section-stretched&quot;}\">\n\t\t\t\t\t\t<div class=\"elementor-container elementor-column-gap-default\">\n\t\t\t\t\t\t\t<div class=\"elementor-row\">\n\t\t\t\t\t<div class=\"elementor-column elementor-col-50 elementor-top-column elementor-element elementor-element-a849984\" data-id=\"a849984\" data-element_type=\"column\">\n\t\t\t<div class=\"elementor-column-wrap elementor-element-populated\">\n\t\t\t\t\t\t\t<div class=\"elementor-widget-wrap\">\n\t\t\t\t\t\t<div class=\"elementor-element elementor-element-8148179 elementor-position-top elementor-vertical-align-top elementor-widget elementor-widget-image-box\" data-id=\"8148179\" data-element_type=\"widget\" data-widget_type=\"image-box.default\">\n\t\t\t\t<div class=\"elementor-widget-container\">\n\t\t\t<div class=\"elementor-image-box-wrapper\"><figure class=\"elementor-image-box-img\"><a href=\"http:\/\/elviresoubiran.com\/index.php\/5-jours-en-algarve\/\"><img loading=\"lazy\" decoding=\"async\" width=\"2560\" height=\"1707\" src=\"https:\/\/elviresoubiran.com\/wp-content\/uploads\/2021\/11\/DSC06609-2-scaled.jpg\" class=\"elementor-animation-float attachment-full size-full wp-image-1121\" alt=\"Cabo de Sao Vicente, Algarve\" srcset=\"https:\/\/elviresoubiran.com\/wp-content\/uploads\/2021\/11\/DSC06609-2-scaled.jpg 2560w, https:\/\/elviresoubiran.com\/wp-content\/uploads\/2021\/11\/DSC06609-2-300x200.jpg 300w, https:\/\/elviresoubiran.com\/wp-content\/uploads\/2021\/11\/DSC06609-2-1024x683.jpg 1024w, https:\/\/elviresoubiran.com\/wp-content\/uploads\/2021\/11\/DSC06609-2-768x512.jpg 768w, https:\/\/elviresoubiran.com\/wp-content\/uploads\/2021\/11\/DSC06609-2-1536x1024.jpg 1536w, https:\/\/elviresoubiran.com\/wp-content\/uploads\/2021\/11\/DSC06609-2-2048x1365.jpg 2048w\" sizes=\"(max-width: 767px) 89vw, (max-width: 1000px) 54vw, (max-width: 1071px) 543px, 580px\" \/><\/a><\/figure><div class=\"elementor-image-box-content\"><h4 class=\"elementor-image-box-title\"><a href=\"http:\/\/elviresoubiran.com\/index.php\/5-jours-en-algarve\/\">5 jours pour visiter l'Algarve<\/a><\/h4><p class=\"elementor-image-box-description\">Entre eaux cristallines, plages de sable fin, falaises \u00e0 perte de vue, petits villages de p\u00eacheurs et c\u00f4tes sauvages battues par les vents, l'Algarve est une r\u00e9gion du Portugal \u00e0 d\u00e9couvrir sans h\u00e9siter.<\/p><\/div><\/div>\t\t<\/div>\n\t\t\t\t<\/div>\n\t\t\t\t\t\t<\/div>\n\t\t\t\t\t<\/div>\n\t\t<\/div>\n\t\t\t\t<div class=\"elementor-column elementor-col-50 elementor-top-column elementor-element elementor-element-e207e8b\" data-id=\"e207e8b\" data-element_type=\"column\">\n\t\t\t<div class=\"elementor-column-wrap\">\n\t\t\t\t\t\t\t<div class=\"elementor-widget-wrap\">\n\t\t\t\t\t\t\t\t<\/div>\n\t\t\t\t\t<\/div>\n\t\t<\/div>\n\t\t\t\t\t\t\t\t<\/div>\n\t\t\t\t\t<\/div>\n\t\t<\/section>\n\t\t\t\t\t\t\t\t\t<\/div>\n\t\t\t<\/div>\n\t\t\t\t\t<\/div>\n\t\t","protected":false},"excerpt":{"rendered":"<p>5 jours pour visiter l&#8217;Algarve Entre eaux cristallines, plages de sable fin, falaises \u00e0 perte de vue, petits villages de p\u00eacheurs et c\u00f4tes sauvages battues par les vents, l&#8217;Algarve est une r\u00e9gion du Portugal \u00e0 d\u00e9couvrir sans h\u00e9siter.<\/p>\n","protected":false},"author":1,"featured_media":0,"parent":0,"menu_order":0,"comment_status":"closed","ping_status":"closed","template":"","meta":{"footnotes":""},"_links":{"self":[{"href":"https:\/\/elviresoubiran.com\/index.php\/wp-json\/wp\/v2\/pages\/1113"}],"collection":[{"href":"https:\/\/elviresoubiran.com\/index.php\/wp-json\/wp\/v2\/pages"}],"about":[{"href":"https:\/\/elviresoubiran.com\/index.php\/wp-json\/wp\/v2\/types\/page"}],"author":[{"embeddable":true,"href":"https:\/\/elviresoubiran.com\/index.php\/wp-json\/wp\/v2\/users\/1"}],"replies":[{"embeddable":true,"href":"https:\/\/elviresoubiran.com\/index.php\/wp-json\/wp\/v2\/comments?post=1113"}],"version-history":[{"count":14,"href":"https:\/\/elviresoubiran.com\/index.php\/wp-json\/wp\/v2\/pages\/1113\/revisions"}],"predecessor-version":[{"id":1208,"href":"https:\/\/elviresoubiran.com\/index.php\/wp-json\/wp\/v2\/pages\/1113\/revisions\/1208"}],"wp:attachment":[{"href":"https:\/\/elviresoubiran.com\/index.php\/wp-json\/wp\/v2\/media?parent=1113"}],"curies":[{"name":"wp","href":"https:\/\/api.w.org\/{rel}","templated":true}]}}